{"id":398,"date":"2018-07-08T11:12:41","date_gmt":"2018-07-08T11:12:41","guid":{"rendered":"http:\/\/localhost\/polyphenolresearch\/lineas-de-investigacion\/"},"modified":"2024-05-15T11:04:40","modified_gmt":"2024-05-15T09:04:40","slug":"linies-de-recerca","status":"publish","type":"page","link":"https:\/\/polyphenolresearch.com\/ca\/linies-de-recerca\/","title":{"rendered":"L\u00ednies de recerca"},"content":{"rendered":"","protected":false},"excerpt":{"rendered":"<p>L\u00ednies de recerca<\/p>\n","protected":false},"author":2,"featured_media":0,"parent":0,"menu_order":0,"comment_status":"closed","ping_status":"closed","template":"page-featured-items-4col.php","meta":{"footnotes":""},"class_list":["post-398","page","type-page","status-publish","hentry"],"yoast_head":"<!-- This site is optimized with the Yoast SEO plugin v25.2 - https:\/\/yoast.com\/wordpress\/plugins\/seo\/ -->\n<title>L\u00ednies de recerca - Polyphenol Research<\/title>\n<meta name=\"description\" content=\"Somos un grupo de investigaci\u00f3n, nacido en 1993, de reconocido prestigio internacional que cuenta con m\u00e1s de 90 publicaciones en estos \u00faltimos 5 a\u00f1os y con un \u00edndice-h de 80 y m\u00e1s de 25000 citas totales. Tenemos un gran inter\u00e9s en establecer colaboraciones tanto nacionales como internacionales, as\u00ed como a participar en proyectos del sector agroindustrial.\" \/>\n<meta name=\"robots\" content=\"index, follow, max-snippet:-1, max-image-preview:large, max-video-preview:-1\" \/>\n<link rel=\"canonical\" href=\"https:\/\/polyphenolresearch.com\/ca\/linies-de-recerca\/\" \/>\n<meta property=\"og:locale\" content=\"ca_ES\" \/>\n<meta property=\"og:type\" content=\"article\" \/>\n<meta property=\"og:title\" content=\"L\u00ednies de recerca - Polyphenol Research\" \/>\n<meta property=\"og:description\" content=\"Somos un grupo de investigaci\u00f3n, nacido en 1993, de reconocido prestigio internacional que cuenta con m\u00e1s de 90 publicaciones en estos \u00faltimos 5 a\u00f1os y con un \u00edndice-h de 80 y m\u00e1s de 25000 citas totales. Tenemos un gran inter\u00e9s en establecer colaboraciones tanto nacionales como internacionales, as\u00ed como a participar en proyectos del sector agroindustrial.\" \/>\n<meta property=\"og:url\" content=\"https:\/\/polyphenolresearch.com\/ca\/linies-de-recerca\/\" \/>\n<meta property=\"og:site_name\" content=\"Polyphenol Research\" \/>\n<meta property=\"article:modified_time\" content=\"2024-05-15T09:04:40+00:00\" \/>\n<meta name=\"twitter:card\" content=\"summary_large_image\" \/>\n<meta name=\"twitter:site\" content=\"@PolyphenolR\" \/>\n<script type=\"application\/ld+json\" class=\"yoast-schema-graph\">{\"@context\":\"https:\/\/schema.org\",\"@graph\":[{\"@type\":\"WebPage\",\"@id\":\"https:\/\/polyphenolresearch.com\/ca\/linies-de-recerca\/\",\"url\":\"https:\/\/polyphenolresearch.com\/ca\/linies-de-recerca\/\",\"name\":\"L\u00ednies de recerca - Polyphenol Research\",\"isPartOf\":{\"@id\":\"https:\/\/polyphenolresearch.com\/ca\/#website\"},\"datePublished\":\"2018-07-08T11:12:41+00:00\",\"dateModified\":\"2024-05-15T09:04:40+00:00\",\"description\":\"Somos un grupo de investigaci\u00f3n, nacido en 1993, de reconocido prestigio internacional que cuenta con m\u00e1s de 90 publicaciones en estos \u00faltimos 5 a\u00f1os y con un \u00edndice-h de 80 y m\u00e1s de 25000 citas totales. Tenemos un gran inter\u00e9s en establecer colaboraciones tanto nacionales como internacionales, as\u00ed como a participar en proyectos del sector agroindustrial.\",\"breadcrumb\":{\"@id\":\"https:\/\/polyphenolresearch.com\/ca\/linies-de-recerca\/#breadcrumb\"},\"inLanguage\":\"ca\",\"potentialAction\":[{\"@type\":\"ReadAction\",\"target\":[\"https:\/\/polyphenolresearch.com\/ca\/linies-de-recerca\/\"]}]},{\"@type\":\"BreadcrumbList\",\"@id\":\"https:\/\/polyphenolresearch.com\/ca\/linies-de-recerca\/#breadcrumb\",\"itemListElement\":[{\"@type\":\"ListItem\",\"position\":1,\"name\":\"Portada\",\"item\":\"https:\/\/polyphenolresearch.com\/ca\/\"},{\"@type\":\"ListItem\",\"position\":2,\"name\":\"L\u00ednies de recerca\"}]},{\"@type\":\"WebSite\",\"@id\":\"https:\/\/polyphenolresearch.com\/ca\/#website\",\"url\":\"https:\/\/polyphenolresearch.com\/ca\/\",\"name\":\"Polyphenol Research\",\"description\":\"Polyphenol Research Group - UB - CIBEROBN\",\"publisher\":{\"@id\":\"https:\/\/polyphenolresearch.com\/ca\/#organization\"},\"potentialAction\":[{\"@type\":\"SearchAction\",\"target\":{\"@type\":\"EntryPoint\",\"urlTemplate\":\"https:\/\/polyphenolresearch.com\/ca\/?s={search_term_string}\"},\"query-input\":{\"@type\":\"PropertyValueSpecification\",\"valueRequired\":true,\"valueName\":\"search_term_string\"}}],\"inLanguage\":\"ca\"},{\"@type\":\"Organization\",\"@id\":\"https:\/\/polyphenolresearch.com\/ca\/#organization\",\"name\":\"Polyphenol Research\",\"url\":\"https:\/\/polyphenolresearch.com\/ca\/\",\"logo\":{\"@type\":\"ImageObject\",\"inLanguage\":\"ca\",\"@id\":\"https:\/\/polyphenolresearch.com\/ca\/#\/schema\/logo\/image\/\",\"url\":\"https:\/\/polyphenolresearch.com\/wp-content\/uploads\/2019\/03\/logo-polyfenol-research-ub-alta-resolucion.png\",\"contentUrl\":\"https:\/\/polyphenolresearch.com\/wp-content\/uploads\/2019\/03\/logo-polyfenol-research-ub-alta-resolucion.png\",\"width\":5000,\"height\":2721,\"caption\":\"Polyphenol Research\"},\"image\":{\"@id\":\"https:\/\/polyphenolresearch.com\/ca\/#\/schema\/logo\/image\/\"},\"sameAs\":[\"https:\/\/x.com\/PolyphenolR\",\"https:\/\/www.linkedin.com\/company\/polyphenol-research-group\/\",\"https:\/\/www.youtube.com\/channel\/UCbSXhtNbdCBt0bGDH0JPohg\"]}]}<\/script>\n<!-- \/ Yoast SEO plugin. -->","yoast_head_json":{"title":"L\u00ednies de recerca - Polyphenol Research","description":"Somos un grupo de investigaci\u00f3n, nacido en 1993, de reconocido prestigio internacional que cuenta con m\u00e1s de 90 publicaciones en estos \u00faltimos 5 a\u00f1os y con un \u00edndice-h de 80 y m\u00e1s de 25000 citas totales. Tenemos un gran inter\u00e9s en establecer colaboraciones tanto nacionales como internacionales, as\u00ed como a participar en proyectos del sector agroindustrial.","robots":{"index":"index","follow":"follow","max-snippet":"max-snippet:-1","max-image-preview":"max-image-preview:large","max-video-preview":"max-video-preview:-1"},"canonical":"https:\/\/polyphenolresearch.com\/ca\/linies-de-recerca\/","og_locale":"ca_ES","og_type":"article","og_title":"L\u00ednies de recerca - Polyphenol Research","og_description":"Somos un grupo de investigaci\u00f3n, nacido en 1993, de reconocido prestigio internacional que cuenta con m\u00e1s de 90 publicaciones en estos \u00faltimos 5 a\u00f1os y con un \u00edndice-h de 80 y m\u00e1s de 25000 citas totales. Tenemos un gran inter\u00e9s en establecer colaboraciones tanto nacionales como internacionales, as\u00ed como a participar en proyectos del sector agroindustrial.","og_url":"https:\/\/polyphenolresearch.com\/ca\/linies-de-recerca\/","og_site_name":"Polyphenol Research","article_modified_time":"2024-05-15T09:04:40+00:00","twitter_card":"summary_large_image","twitter_site":"@PolyphenolR","schema":{"@context":"https:\/\/schema.org","@graph":[{"@type":"WebPage","@id":"https:\/\/polyphenolresearch.com\/ca\/linies-de-recerca\/","url":"https:\/\/polyphenolresearch.com\/ca\/linies-de-recerca\/","name":"L\u00ednies de recerca - Polyphenol Research","isPartOf":{"@id":"https:\/\/polyphenolresearch.com\/ca\/#website"},"datePublished":"2018-07-08T11:12:41+00:00","dateModified":"2024-05-15T09:04:40+00:00","description":"Somos un grupo de investigaci\u00f3n, nacido en 1993, de reconocido prestigio internacional que cuenta con m\u00e1s de 90 publicaciones en estos \u00faltimos 5 a\u00f1os y con un \u00edndice-h de 80 y m\u00e1s de 25000 citas totales. Tenemos un gran inter\u00e9s en establecer colaboraciones tanto nacionales como internacionales, as\u00ed como a participar en proyectos del sector agroindustrial.","breadcrumb":{"@id":"https:\/\/polyphenolresearch.com\/ca\/linies-de-recerca\/#breadcrumb"},"inLanguage":"ca","potentialAction":[{"@type":"ReadAction","target":["https:\/\/polyphenolresearch.com\/ca\/linies-de-recerca\/"]}]},{"@type":"BreadcrumbList","@id":"https:\/\/polyphenolresearch.com\/ca\/linies-de-recerca\/#breadcrumb","itemListElement":[{"@type":"ListItem","position":1,"name":"Portada","item":"https:\/\/polyphenolresearch.com\/ca\/"},{"@type":"ListItem","position":2,"name":"L\u00ednies de recerca"}]},{"@type":"WebSite","@id":"https:\/\/polyphenolresearch.com\/ca\/#website","url":"https:\/\/polyphenolresearch.com\/ca\/","name":"Polyphenol Research","description":"Polyphenol Research Group - UB - CIBEROBN","publisher":{"@id":"https:\/\/polyphenolresearch.com\/ca\/#organization"},"potentialAction":[{"@type":"SearchAction","target":{"@type":"EntryPoint","urlTemplate":"https:\/\/polyphenolresearch.com\/ca\/?s={search_term_string}"},"query-input":{"@type":"PropertyValueSpecification","valueRequired":true,"valueName":"search_term_string"}}],"inLanguage":"ca"},{"@type":"Organization","@id":"https:\/\/polyphenolresearch.com\/ca\/#organization","name":"Polyphenol Research","url":"https:\/\/polyphenolresearch.com\/ca\/","logo":{"@type":"ImageObject","inLanguage":"ca","@id":"https:\/\/polyphenolresearch.com\/ca\/#\/schema\/logo\/image\/","url":"https:\/\/polyphenolresearch.com\/wp-content\/uploads\/2019\/03\/logo-polyfenol-research-ub-alta-resolucion.png","contentUrl":"https:\/\/polyphenolresearch.com\/wp-content\/uploads\/2019\/03\/logo-polyfenol-research-ub-alta-resolucion.png","width":5000,"height":2721,"caption":"Polyphenol Research"},"image":{"@id":"https:\/\/polyphenolresearch.com\/ca\/#\/schema\/logo\/image\/"},"sameAs":["https:\/\/x.com\/PolyphenolR","https:\/\/www.linkedin.com\/company\/polyphenol-research-group\/","https:\/\/www.youtube.com\/channel\/UCbSXhtNbdCBt0bGDH0JPohg"]}]}},"_links":{"self":[{"href":"https:\/\/polyphenolresearch.com\/ca\/wp-json\/wp\/v2\/pages\/398","targetHints":{"allow":["GET"]}}],"collection":[{"href":"https:\/\/polyphenolresearch.com\/ca\/wp-json\/wp\/v2\/pages"}],"about":[{"href":"https:\/\/polyphenolresearch.com\/ca\/wp-json\/wp\/v2\/types\/page"}],"author":[{"embeddable":true,"href":"https:\/\/polyphenolresearch.com\/ca\/wp-json\/wp\/v2\/users\/2"}],"replies":[{"embeddable":true,"href":"https:\/\/polyphenolresearch.com\/ca\/wp-json\/wp\/v2\/comments?post=398"}],"version-history":[{"count":10,"href":"https:\/\/polyphenolresearch.com\/ca\/wp-json\/wp\/v2\/pages\/398\/revisions"}],"predecessor-version":[{"id":8342,"href":"https:\/\/polyphenolresearch.com\/ca\/wp-json\/wp\/v2\/pages\/398\/revisions\/8342"}],"wp:attachment":[{"href":"https:\/\/polyphenolresearch.com\/ca\/wp-json\/wp\/v2\/media?parent=398"}],"curies":[{"name":"wp","href":"https:\/\/api.w.org\/{rel}","templated":true}]}}